{"id":7,"date":"2014-12-02T14:50:41","date_gmt":"2014-12-02T12:50:41","guid":{"rendered":"http:\/\/www.maximilian-lipp.de\/?page_id=7"},"modified":"2026-03-31T07:17:02","modified_gmt":"2026-03-31T05:17:02","slug":"wohnung-gams","status":"publish","type":"page","link":"https:\/\/www.claudia-lipp.com\/?page_id=7","title":{"rendered":"Wohnung GAMS"},"content":{"rendered":"<p><strong>Wohnung GAMS<\/strong><\/p>\n<p>f\u00fcr zwei bis drei Personen<\/p>\n<ul>\n<li>gem\u00fctliches Wohnzimmer mit K\u00fcchenecke:<br \/>\n4-Plattenherd, Mikrowelle mit Grill,<br \/>\nSp\u00fclmaschine, Kaffeemaschine<\/li>\n<li>separates Schlafzimmer (Doppelbett) Bettw\u00e4sche incl.<\/li>\n<li>weitere\u00a0Schlafm\u00f6glichkeit auf der Schlafcouch im Wohnzimmer<\/li>\n<li>kleines feines Bad mit Dusche\/WC mit F\u00f6n und Handt\u00fcchern<\/li>\n<li>Terrasse<\/li>\n<li>Spiel-\/Liegewiese<\/li>\n<li>Safe<\/li>\n<li>Sat-TV, Radio<\/li>\n<li>gratis W-LAN<\/li>\n<\/ul>\n<p><span style=\"color: #424242;\"><a style=\"color: #424242;\" href=\"https:\/\/www.claudia-lipp.com\/?page_id=204#\/\">Zur Onlinebuchung und Verf\u00fcgbarkeit<\/a><strong><a style=\"color: #424242;\" href=\"https:\/\/www.claudia-lipp.com\/?page_id=204#\/\"> HIER<\/a><\/strong><a style=\"color: #424242;\" href=\"https:\/\/www.claudia-lipp.com\/?page_id=204#\/\"> klicken.<\/a><\/span><\/p>\n<div id='gallery-1' class='gallery galleryid-7 gallery-columns-2 gallery-size-medium'><figure class='gallery-item'>\n\t\t\t<div class='gallery-icon portrait'>\n\t\t\t\t<a href='https:\/\/www.claudia-lipp.com\/wp-content\/uploads\/2020\/05\/IMG_3067_1-scaled.jpg' title=\"\" data-rl_title=\"\" class=\"rl-gallery-link\" data-rl_caption=\"\" data-rel=\"lightbox-gallery-1\"><img loading=\"lazy\" decoding=\"async\" width=\"217\" height=\"300\" src=\"https:\/\/www.claudia-lipp.com\/wp-content\/uploads\/2020\/05\/IMG_3067_1-217x300.jpg\" class=\"attachment-medium size-medium\" alt=\"\" aria-describedby=\"gallery-1-328\" srcset=\"https:\/\/www.claudia-lipp.com\/wp-content\/uploads\/2020\/05\/IMG_3067_1-217x300.jpg 217w, https:\/\/www.claudia-lipp.com\/wp-content\/uploads\/2020\/05\/IMG_3067_1-739x1024.jpg 739w, https:\/\/www.claudia-lipp.com\/wp-content\/uploads\/2020\/05\/IMG_3067_1-768x1064.jpg 768w, https:\/\/www.claudia-lipp.com\/wp-content\/uploads\/2020\/05\/IMG_3067_1-1109x1536.jpg 1109w, https:\/\/www.claudia-lipp.com\/wp-content\/uploads\/2020\/05\/IMG_3067_1-1478x2048.jpg 1478w, https:\/\/www.claudia-lipp.com\/wp-content\/uploads\/2020\/05\/IMG_3067_1-scaled.jpg 1848w\" sizes=\"(max-width: 217px) 100vw, 217px\" \/><\/a>\n\t\t\t<\/div>\n\t\t\t\t<figcaption class='wp-caption-text gallery-caption' id='gallery-1-328'>\n\t\t\t\tK\u00fcche\n\t\t\t\t<\/figcaption><\/figure><figure class='gallery-item'>\n\t\t\t<div class='gallery-icon portrait'>\n\t\t\t\t<a href='https:\/\/www.claudia-lipp.com\/wp-content\/uploads\/2020\/05\/IMG_3046_1-scaled.jpg' title=\"\" data-rl_title=\"\" class=\"rl-gallery-link\" data-rl_caption=\"\" data-rel=\"lightbox-gallery-1\"><img loading=\"lazy\" decoding=\"async\" width=\"219\" height=\"300\" src=\"https:\/\/www.claudia-lipp.com\/wp-content\/uploads\/2020\/05\/IMG_3046_1-219x300.jpg\" class=\"attachment-medium size-medium\" alt=\"\" aria-describedby=\"gallery-1-325\" srcset=\"https:\/\/www.claudia-lipp.com\/wp-content\/uploads\/2020\/05\/IMG_3046_1-219x300.jpg 219w, https:\/\/www.claudia-lipp.com\/wp-content\/uploads\/2020\/05\/IMG_3046_1-749x1024.jpg 749w, https:\/\/www.claudia-lipp.com\/wp-content\/uploads\/2020\/05\/IMG_3046_1-768x1050.jpg 768w, https:\/\/www.claudia-lipp.com\/wp-content\/uploads\/2020\/05\/IMG_3046_1-1123x1536.jpg 1123w, https:\/\/www.claudia-lipp.com\/wp-content\/uploads\/2020\/05\/IMG_3046_1-1498x2048.jpg 1498w, https:\/\/www.claudia-lipp.com\/wp-content\/uploads\/2020\/05\/IMG_3046_1-scaled.jpg 1872w\" sizes=\"(max-width: 219px) 100vw, 219px\" \/><\/a>\n\t\t\t<\/div>\n\t\t\t\t<figcaption class='wp-caption-text gallery-caption' id='gallery-1-325'>\n\t\t\t\tSchlafen\n\t\t\t\t<\/figcaption><\/figure><figure class='gallery-item'>\n\t\t\t<div class='gallery-icon portrait'>\n\t\t\t\t<a href='https:\/\/www.claudia-lipp.com\/wp-content\/uploads\/2019\/06\/Fewo_links.png' title=\"\" data-rl_title=\"\" class=\"rl-gallery-link\" data-rl_caption=\"\" data-rel=\"lightbox-gallery-1\"><img loading=\"lazy\" decoding=\"async\" width=\"225\" height=\"300\" src=\"https:\/\/www.claudia-lipp.com\/wp-content\/uploads\/2019\/06\/Fewo_links-225x300.png\" class=\"attachment-medium size-medium\" alt=\"\" aria-describedby=\"gallery-1-287\" srcset=\"https:\/\/www.claudia-lipp.com\/wp-content\/uploads\/2019\/06\/Fewo_links-225x300.png 225w, https:\/\/www.claudia-lipp.com\/wp-content\/uploads\/2019\/06\/Fewo_links-768x1024.png 768w, https:\/\/www.claudia-lipp.com\/wp-content\/uploads\/2019\/06\/Fewo_links.png 1200w\" sizes=\"(max-width: 225px) 100vw, 225px\" \/><\/a>\n\t\t\t<\/div>\n\t\t\t\t<figcaption class='wp-caption-text gallery-caption' id='gallery-1-287'>\n\t\t\t\tBad\n\t\t\t\t<\/figcaption><\/figure><figure class='gallery-item'>\n\t\t\t<div class='gallery-icon landscape'>\n\t\t\t\t<a href='https:\/\/www.claudia-lipp.com\/wp-content\/uploads\/2020\/05\/IMG_3094_1-scaled.jpg' title=\"\" data-rl_title=\"\" class=\"rl-gallery-link\" data-rl_caption=\"\" data-rel=\"lightbox-gallery-1\"><img loading=\"lazy\" decoding=\"async\" width=\"300\" height=\"215\" src=\"https:\/\/www.claudia-lipp.com\/wp-content\/uploads\/2020\/05\/IMG_3094_1-300x215.jpg\" class=\"attachment-medium size-medium\" alt=\"\" aria-describedby=\"gallery-1-329\" srcset=\"https:\/\/www.claudia-lipp.com\/wp-content\/uploads\/2020\/05\/IMG_3094_1-300x215.jpg 300w, https:\/\/www.claudia-lipp.com\/wp-content\/uploads\/2020\/05\/IMG_3094_1-1024x734.jpg 1024w, https:\/\/www.claudia-lipp.com\/wp-content\/uploads\/2020\/05\/IMG_3094_1-768x551.jpg 768w, https:\/\/www.claudia-lipp.com\/wp-content\/uploads\/2020\/05\/IMG_3094_1-1536x1102.jpg 1536w, https:\/\/www.claudia-lipp.com\/wp-content\/uploads\/2020\/05\/IMG_3094_1-2048x1469.jpg 2048w\" sizes=\"(max-width: 300px) 100vw, 300px\" \/><\/a>\n\t\t\t<\/div>\n\t\t\t\t<figcaption class='wp-caption-text gallery-caption' id='gallery-1-329'>\n\t\t\t\tWohnen und Essen\n\t\t\t\t<\/figcaption><\/figure><figure class='gallery-item'>\n\t\t\t<div class='gallery-icon landscape'>\n\t\t\t\t<a href='https:\/\/www.claudia-lipp.com\/wp-content\/uploads\/2014\/12\/Wohnung_Gams_2.jpg' title=\"\" data-rl_title=\"\" class=\"rl-gallery-link\" data-rl_caption=\"\" data-rel=\"lightbox-gallery-1\"><img loading=\"lazy\" decoding=\"async\" width=\"300\" height=\"225\" src=\"https:\/\/www.claudia-lipp.com\/wp-content\/uploads\/2014\/12\/Wohnung_Gams_2-300x225.jpg\" class=\"attachment-medium size-medium\" alt=\"\" aria-describedby=\"gallery-1-54\" srcset=\"https:\/\/www.claudia-lipp.com\/wp-content\/uploads\/2014\/12\/Wohnung_Gams_2-300x225.jpg 300w, https:\/\/www.claudia-lipp.com\/wp-content\/uploads\/2014\/12\/Wohnung_Gams_2.jpg 640w\" sizes=\"(max-width: 300px) 100vw, 300px\" \/><\/a>\n\t\t\t<\/div>\n\t\t\t\t<figcaption class='wp-caption-text gallery-caption' id='gallery-1-54'>\n\t\t\t\tWohnen\n\t\t\t\t<\/figcaption><\/figure><figure class='gallery-item'>\n\t\t\t<div class='gallery-icon landscape'>\n\t\t\t\t<a href='https:\/\/www.claudia-lipp.com\/wp-content\/uploads\/2014\/12\/Wohnung_Gams_4.jpg' title=\"\" data-rl_title=\"\" class=\"rl-gallery-link\" data-rl_caption=\"\" data-rel=\"lightbox-gallery-1\"><img loading=\"lazy\" decoding=\"async\" width=\"300\" height=\"225\" src=\"https:\/\/www.claudia-lipp.com\/wp-content\/uploads\/2014\/12\/Wohnung_Gams_4-300x225.jpg\" class=\"attachment-medium size-medium\" alt=\"\" aria-describedby=\"gallery-1-56\" srcset=\"https:\/\/www.claudia-lipp.com\/wp-content\/uploads\/2014\/12\/Wohnung_Gams_4-300x225.jpg 300w, https:\/\/www.claudia-lipp.com\/wp-content\/uploads\/2014\/12\/Wohnung_Gams_4.jpg 640w\" sizes=\"(max-width: 300px) 100vw, 300px\" \/><\/a>\n\t\t\t<\/div>\n\t\t\t\t<figcaption class='wp-caption-text gallery-caption' id='gallery-1-56'>\n\t\t\t\tFreisitz vor Wohnung\n\t\t\t\t<\/figcaption><\/figure><figure class='gallery-item'>\n\t\t\t<div class='gallery-icon landscape'>\n\t\t\t\t<a href='https:\/\/www.claudia-lipp.com\/wp-content\/uploads\/2014\/12\/Wohnung_Gams_5.jpg' title=\"\" data-rl_title=\"\" class=\"rl-gallery-link\" data-rl_caption=\"\" data-rel=\"lightbox-gallery-1\"><img loading=\"lazy\" decoding=\"async\" width=\"300\" height=\"225\" src=\"https:\/\/www.claudia-lipp.com\/wp-content\/uploads\/2014\/12\/Wohnung_Gams_5-300x225.jpg\" class=\"attachment-medium size-medium\" alt=\"\" aria-describedby=\"gallery-1-57\" srcset=\"https:\/\/www.claudia-lipp.com\/wp-content\/uploads\/2014\/12\/Wohnung_Gams_5-300x225.jpg 300w, https:\/\/www.claudia-lipp.com\/wp-content\/uploads\/2014\/12\/Wohnung_Gams_5.jpg 640w\" sizes=\"(max-width: 300px) 100vw, 300px\" \/><\/a>\n\t\t\t<\/div>\n\t\t\t\t<figcaption class='wp-caption-text gallery-caption' id='gallery-1-57'>\n\t\t\t\tImpressionen\n\t\t\t\t<\/figcaption><\/figure><figure class='gallery-item'>\n\t\t\t<div class='gallery-icon portrait'>\n\t\t\t\t<a href='https:\/\/www.claudia-lipp.com\/wp-content\/uploads\/2015\/03\/150325_Grundrisse_Gams.png' title=\"\" data-rl_title=\"\" class=\"rl-gallery-link\" data-rl_caption=\"\" data-rel=\"lightbox-gallery-1\"><img loading=\"lazy\" decoding=\"async\" width=\"252\" height=\"300\" src=\"https:\/\/www.claudia-lipp.com\/wp-content\/uploads\/2015\/03\/150325_Grundrisse_Gams-252x300.png\" class=\"attachment-medium size-medium\" alt=\"\" aria-describedby=\"gallery-1-111\" srcset=\"https:\/\/www.claudia-lipp.com\/wp-content\/uploads\/2015\/03\/150325_Grundrisse_Gams-252x300.png 252w, https:\/\/www.claudia-lipp.com\/wp-content\/uploads\/2015\/03\/150325_Grundrisse_Gams.png 505w\" sizes=\"(max-width: 252px) 100vw, 252px\" \/><\/a>\n\t\t\t<\/div>\n\t\t\t\t<figcaption class='wp-caption-text gallery-caption' id='gallery-1-111'>\n\t\t\t\tGrundriss\n\t\t\t\t<\/figcaption><\/figure>\n\t\t<\/div>\n\n","protected":false},"excerpt":{"rendered":"<p>Wohnung GAMS f\u00fcr zwei bis drei Personen gem\u00fctliches Wohnzimmer mit K\u00fcchenecke: 4-Plattenherd, Mikrowelle mit Grill, Sp\u00fclmaschine, Kaffeemaschine separates Schlafzimmer (Doppelbett) Bettw\u00e4sche incl. weitere\u00a0Schlafm\u00f6glichkeit auf der Schlafcouch im Wohnzimmer kleines feines Bad mit Dusche\/WC mit F\u00f6n und Handt\u00fcchern Terrasse Spiel-\/Liegewiese Safe<\/p>\n","protected":false},"author":1,"featured_media":56,"parent":0,"menu_order":0,"comment_status":"closed","ping_status":"closed","template":"","meta":{"footnotes":""},"_links":{"self":[{"href":"https:\/\/www.claudia-lipp.com\/index.php?rest_route=\/wp\/v2\/pages\/7"}],"collection":[{"href":"https:\/\/www.claudia-lipp.com\/index.php?rest_route=\/wp\/v2\/pages"}],"about":[{"href":"https:\/\/www.claudia-lipp.com\/index.php?rest_route=\/wp\/v2\/types\/page"}],"author":[{"embeddable":true,"href":"https:\/\/www.claudia-lipp.com\/index.php?rest_route=\/wp\/v2\/users\/1"}],"replies":[{"embeddable":true,"href":"https:\/\/www.claudia-lipp.com\/index.php?rest_route=%2Fwp%2Fv2%2Fcomments&post=7"}],"version-history":[{"count":33,"href":"https:\/\/www.claudia-lipp.com\/index.php?rest_route=\/wp\/v2\/pages\/7\/revisions"}],"predecessor-version":[{"id":521,"href":"https:\/\/www.claudia-lipp.com\/index.php?rest_route=\/wp\/v2\/pages\/7\/revisions\/521"}],"wp:featuredmedia":[{"embeddable":true,"href":"https:\/\/www.claudia-lipp.com\/index.php?rest_route=\/wp\/v2\/media\/56"}],"wp:attachment":[{"href":"https:\/\/www.claudia-lipp.com\/index.php?rest_route=%2Fwp%2Fv2%2Fmedia&parent=7"}],"curies":[{"name":"wp","href":"https:\/\/api.w.org\/{rel}","templated":true}]}}