{"id":18,"date":"2014-12-02T15:04:54","date_gmt":"2014-12-02T13:04:54","guid":{"rendered":"http:\/\/www.maximilian-lipp.de\/?page_id=18"},"modified":"2022-09-15T20:39:02","modified_gmt":"2022-09-15T18:39:02","slug":"anfahrt","status":"publish","type":"page","link":"https:\/\/www.claudia-lipp.com\/?page_id=18","title":{"rendered":"Anfahrt"},"content":{"rendered":"<p><\/p>\n<p><strong>Unsere Adresse:<\/strong><\/p>\n<p> <\/p>\n<p>Kurze Gasse 5 <br \/>87541 Bad Hindelang<\/p>\n<p><\/p>\n<p>\u00a0<\/p>\n<p style=\"text-align: left;\">Mit der <strong>Bahn<\/strong> www.bahn.de erreichen Sie den n\u00e4chstgelegenen Bahnhof Sonthofen und k\u00f6nnen von dort mit \u00f6ffentlichen Verkehrsmitteln zu uns gelangen.\u00a0Auf Wunsch holen wir Sie auch gerne vom Bahnhof ab.<\/p>\n\n\n<p><\/p>\n\n\n\n<p><\/p>\n","protected":false},"excerpt":{"rendered":"<p>Unsere Adresse: Kurze Gasse 5 87541 Bad Hindelang \u00a0 Mit der Bahn www.bahn.de erreichen Sie den n\u00e4chstgelegenen Bahnhof Sonthofen und k\u00f6nnen von dort mit \u00f6ffentlichen Verkehrsmitteln zu uns gelangen.\u00a0Auf Wunsch holen wir Sie auch gerne vom Bahnhof ab.<\/p>\n","protected":false},"author":1,"featured_media":0,"parent":0,"menu_order":0,"comment_status":"closed","ping_status":"closed","template":"","meta":{"footnotes":""},"_links":{"self":[{"href":"https:\/\/www.claudia-lipp.com\/index.php?rest_route=\/wp\/v2\/pages\/18"}],"collection":[{"href":"https:\/\/www.claudia-lipp.com\/index.php?rest_route=\/wp\/v2\/pages"}],"about":[{"href":"https:\/\/www.claudia-lipp.com\/index.php?rest_route=\/wp\/v2\/types\/page"}],"author":[{"embeddable":true,"href":"https:\/\/www.claudia-lipp.com\/index.php?rest_route=\/wp\/v2\/users\/1"}],"replies":[{"embeddable":true,"href":"https:\/\/www.claudia-lipp.com\/index.php?rest_route=%2Fwp%2Fv2%2Fcomments&post=18"}],"version-history":[{"count":4,"href":"https:\/\/www.claudia-lipp.com\/index.php?rest_route=\/wp\/v2\/pages\/18\/revisions"}],"predecessor-version":[{"id":411,"href":"https:\/\/www.claudia-lipp.com\/index.php?rest_route=\/wp\/v2\/pages\/18\/revisions\/411"}],"wp:attachment":[{"href":"https:\/\/www.claudia-lipp.com\/index.php?rest_route=%2Fwp%2Fv2%2Fmedia&parent=18"}],"curies":[{"name":"wp","href":"https:\/\/api.w.org\/{rel}","templated":true}]}}