{"id":155,"date":"2014-12-01T23:47:11","date_gmt":"2014-12-01T21:47:11","guid":{"rendered":"http:\/\/www.maximilian-lipp.de\/?page_id=4"},"modified":"2022-03-15T19:36:46","modified_gmt":"2022-03-15T18:36:46","slug":"willkommen-im-haus-claudia-lipp","status":"publish","type":"page","link":"https:\/\/www.claudia-lipp.com\/","title":{"rendered":"Startseite"},"content":{"rendered":"<p><strong>Herzlich willkommen in unseren gem\u00fctlich und komfortabel eingerichteten 3-Sterne Ferienwohnungen.<\/strong><\/p>\n<p>Im lieblichen und traditionsreichen Ortsteil Bad Oberdorf liegt unser Haus in ruhiger, sonniger und zentraler Ortsrandlage mit freiem Blick auf gr\u00fcne Wiesen und die einzigartige <strong>Allg\u00e4uer Bergwelt.<\/strong><\/p>\n<p>Vergessen Sie den Alltag und genie\u00dfen Sie die verdiente <strong>Erholung<\/strong> und <strong>Entspannung<\/strong> in unserem Garten unter alten Apfelb\u00e4umen.<\/p>\n<p>Unsere beiden Wohnungen befinden sich im Erdgescho\u00df und sind deshalb auch f\u00fcr gehbehinderte G\u00e4ste teilweise geeignet.<\/p>\n<p>F\u00fcr weitere Fragen rufen Sie uns einfach an oder schreiben Sie uns eine Email.<\/p>\n<p>Wir freuen uns auf Sie!<\/p>\n<p><strong>Lesen Sie die Erfahrungsberichte unserer G\u00e4ste:<\/strong><\/p>\n<p><!-- TrustYou Widget --><br \/>\n<script src=\"https:\/\/api.trustyou.com\/static\/3rdparty\/iframe-resizer\/js\/iframeResizer.min.js\"><\/script><br \/>\n<iframe style=\"border:0;width:100%;\" src=\"https:\/\/api.trustyou.com\/hotels\/ebd4986c-f9f9-44e0-b10b-0ee7de6e2494\/reviews.html?key=d1202eaf-ea29-4132-8c1f-71d6ca19ba3e&amp;iframe_resizer=true\"><\/iframe><br \/>\n<script>iFrameResize({});<\/script><br \/>\n<!-- TrustYou Widget --><\/p>\n","protected":false},"excerpt":{"rendered":"<p>Herzlich willkommen in unseren gem\u00fctlich und komfortabel eingerichteten 3-Sterne Ferienwohnungen. Im lieblichen und traditionsreichen Ortsteil Bad Oberdorf liegt unser Haus in ruhiger, sonniger und zentraler Ortsrandlage mit freiem Blick auf gr\u00fcne Wiesen und die einzigartige Allg\u00e4uer Bergwelt. Vergessen Sie den<\/p>\n","protected":false},"author":1,"featured_media":0,"parent":0,"menu_order":0,"comment_status":"closed","ping_status":"closed","template":"","meta":{"footnotes":""},"_links":{"self":[{"href":"https:\/\/www.claudia-lipp.com\/index.php?rest_route=\/wp\/v2\/pages\/155"}],"collection":[{"href":"https:\/\/www.claudia-lipp.com\/index.php?rest_route=\/wp\/v2\/pages"}],"about":[{"href":"https:\/\/www.claudia-lipp.com\/index.php?rest_route=\/wp\/v2\/types\/page"}],"author":[{"embeddable":true,"href":"https:\/\/www.claudia-lipp.com\/index.php?rest_route=\/wp\/v2\/users\/1"}],"replies":[{"embeddable":true,"href":"https:\/\/www.claudia-lipp.com\/index.php?rest_route=%2Fwp%2Fv2%2Fcomments&post=155"}],"version-history":[{"count":15,"href":"https:\/\/www.claudia-lipp.com\/index.php?rest_route=\/wp\/v2\/pages\/155\/revisions"}],"predecessor-version":[{"id":399,"href":"https:\/\/www.claudia-lipp.com\/index.php?rest_route=\/wp\/v2\/pages\/155\/revisions\/399"}],"wp:attachment":[{"href":"https:\/\/www.claudia-lipp.com\/index.php?rest_route=%2Fwp%2Fv2%2Fmedia&parent=155"}],"curies":[{"name":"wp","href":"https:\/\/api.w.org\/{rel}","templated":true}]}}